{"id":83,"date":"2025-10-10T16:12:18","date_gmt":"2025-10-10T16:12:18","guid":{"rendered":"https:\/\/sweetfest2026.fr\/?page_id=83"},"modified":"2026-01-18T23:52:02","modified_gmt":"2026-01-18T23:52:02","slug":"programme","status":"publish","type":"page","link":"https:\/\/sweetfest2026.fr\/index.php\/programme\/","title":{"rendered":"Programme"},"content":{"rendered":"<p>[et_pb_section fb_built=\u00a0\u00bb1&Prime; admin_label=\u00a0\u00bbEvents\u00a0\u00bb _builder_version=\u00a0\u00bb4.27.4&Prime; _module_preset=\u00a0\u00bb_initial\u00a0\u00bb background_color=\u00a0\u00bb#a663dd\u00a0\u00bb background_image=\u00a0\u00bbhttp:\/\/sweetfest2026.fr\/wp-content\/uploads\/2025\/11\/IMG_4160.jpg\u00a0\u00bb locked=\u00a0\u00bboff\u00a0\u00bb collapsed=\u00a0\u00bbon\u00a0\u00bb global_colors_info=\u00a0\u00bb{%22gcid-36fd78a7-34bc-404d-873c-dafa34efaae5%22:%91%22colorStart%22%93}\u00a0\u00bb][et_pb_row column_structure=\u00a0\u00bb1_2,1_2&Prime; disabled_on=\u00a0\u00bbon|off|off\u00a0\u00bb _builder_version=\u00a0\u00bb4.27.4&Prime; _module_preset=\u00a0\u00bb5138c454-be54-4233-bd3b-f8e6a8747976&Prime; background_color=\u00a0\u00bb#E09900&Prime; width=\u00a0\u00bb100%\u00a0\u00bb max_width=\u00a0\u00bb1213px\u00a0\u00bb custom_margin=\u00a0\u00bb||30px||false|false\u00a0\u00bb custom_padding=\u00a0\u00bb||0px|20px|false|false\u00a0\u00bb border_radii=\u00a0\u00bbon|5px|5px|5px|5px\u00a0\u00bb global_colors_info=\u00a0\u00bb{}\u00a0\u00bb][et_pb_column type=\u00a0\u00bb1_2&Prime; _builder_version=\u00a0\u00bb4.16&Prime; _module_preset=\u00a0\u00bb73121f80-a3ef-4484-8763-c3f18e3c56d2&Prime; global_colors_info=\u00a0\u00bb{}\u00a0\u00bb][et_pb_heading title=\u00a0\u00bbD\u00e9couvrez le programme de ces 3 jours de folies douces !\u00a0\u00bb _builder_version=\u00a0\u00bb4.27.4&Prime; _module_preset=\u00a0\u00bbddeb8c09-9078-4424-bc15-2efb6572e28e\u00a0\u00bb title_font=\u00a0\u00bbAdamina|Abril Fatface_weight|||||||\u00a0\u00bb title_text_color=\u00a0\u00bb#0e0c19&Prime; title_font_size=\u00a0\u00bb47px\u00a0\u00bb title_line_height=\u00a0\u00bb1.15em\u00a0\u00bb title_font_size_tablet=\u00a0\u00bb40px\u00a0\u00bb title_font_size_phone=\u00a0\u00bb24px\u00a0\u00bb title_font_size_last_edited=\u00a0\u00bbon|phone\u00a0\u00bb locked=\u00a0\u00bboff\u00a0\u00bb global_colors_info=\u00a0\u00bb{}\u00a0\u00bb][\/et_pb_heading][et_pb_text _builder_version=\u00a0\u00bb4.27.4&Prime; _module_preset=\u00a0\u00bbdefault\u00a0\u00bb global_colors_info=\u00a0\u00bb{}\u00a0\u00bb]<\/p>\n<p><span style=\"font-size: large; color: #8300e9;\">Le programme peut \u00eatre l\u00e9g\u00e8rement modifi\u00e9 encore \ud83d\ude4f<\/span><\/p>\n<p>[\/et_pb_text][\/et_pb_column][et_pb_column type=\u00a0\u00bb1_2&Prime; _builder_version=\u00a0\u00bb4.16&Prime; _module_preset=\u00a0\u00bb73121f80-a3ef-4484-8763-c3f18e3c56d2&Prime; global_colors_info=\u00a0\u00bb{}\u00a0\u00bb][et_pb_image src=\u00a0\u00bbhttp:\/\/sweetfest2026.fr\/wp-content\/uploads\/2025\/11\/19436763_apidae-banner.jpg\u00a0\u00bb title_text=\u00a0\u00bb19436763_apidae-banner\u00a0\u00bb disabled_on=\u00a0\u00bbon|off|off\u00a0\u00bb _builder_version=\u00a0\u00bb4.27.4&Prime; _module_preset=\u00a0\u00bbdefault\u00a0\u00bb width=\u00a0\u00bb100%\u00a0\u00bb max_width=\u00a0\u00bb100%\u00a0\u00bb min_height=\u00a0\u00bb100px\u00a0\u00bb height=\u00a0\u00bb233px\u00a0\u00bb max_height=\u00a0\u00bb1000px\u00a0\u00bb custom_padding=\u00a0\u00bb||20px||false|false\u00a0\u00bb global_colors_info=\u00a0\u00bb{}\u00a0\u00bb][\/et_pb_image][\/et_pb_column][\/et_pb_row][et_pb_row disabled_on=\u00a0\u00bboff|off|off\u00a0\u00bb _builder_version=\u00a0\u00bb4.27.4&Prime; _module_preset=\u00a0\u00bb5138c454-be54-4233-bd3b-f8e6a8747976&Prime; background_color=\u00a0\u00bb#a663dd\u00a0\u00bb custom_padding=\u00a0\u00bb|||10px|false|false\u00a0\u00bb border_radii=\u00a0\u00bbon|14px|14px|14px|14px\u00a0\u00bb border_width_bottom=\u00a0\u00bb2px\u00a0\u00bb border_color_bottom=\u00a0\u00bbrgba(0,0,0,0.06)\u00a0\u00bb global_colors_info=\u00a0\u00bb{}\u00a0\u00bb][et_pb_column type=\u00a0\u00bb4_4&Prime; _builder_version=\u00a0\u00bb4.24.3&Prime; _module_preset=\u00a0\u00bbdefault\u00a0\u00bb global_colors_info=\u00a0\u00bb{%22gcid-7cadd8b3-5228-48e4-90c4-212d09232f7b%22:%91%22color%22%93}\u00a0\u00bb][et_pb_blurb title=\u00a0\u00bbVendredi 23 janvier\u00a0\u00bb icon_placement=\u00a0\u00bbleft\u00a0\u00bb image_icon_width=\u00a0\u00bb240px\u00a0\u00bb content_max_width=\u00a0\u00bb100%\u00a0\u00bb icon_placement_tablet=\u00a0\u00bb\u00a0\u00bb icon_placement_phone=\u00a0\u00bbtop\u00a0\u00bb icon_placement_last_edited=\u00a0\u00bbon|tablet\u00a0\u00bb image_icon_width_tablet=\u00a0\u00bb30vw\u00a0\u00bb image_icon_width_phone=\u00a0\u00bb100%\u00a0\u00bb image_icon_width_last_edited=\u00a0\u00bbon|desktop\u00a0\u00bb _builder_version=\u00a0\u00bb4.27.4&Prime; _module_preset=\u00a0\u00bb65059203-12d3-44f6-8371-3f5cf61a0475&Prime; header_font=\u00a0\u00bbAdamina|Abril Fatface_weight|||||||\u00a0\u00bb header_text_color=\u00a0\u00bb#0e0c19&Prime; header_font_size=\u00a0\u00bb32px\u00a0\u00bb header_line_height=\u00a0\u00bb1.4em\u00a0\u00bb body_font=\u00a0\u00bbPoppins|Poppins_weight|||||||\u00a0\u00bb body_text_color=\u00a0\u00bb#3c3a47&Prime; body_font_size=\u00a0\u00bb16px\u00a0\u00bb body_line_height=\u00a0\u00bb1.75em\u00a0\u00bb body_link_text_color=\u00a0\u00bb#fb8500&Prime; image_icon_custom_margin=\u00a0\u00bb|20px|||false|false\u00a0\u00bb animation=\u00a0\u00bboff\u00a0\u00bb header_font_size_tablet=\u00a0\u00bb22px\u00a0\u00bb header_font_size_phone=\u00a0\u00bb17px\u00a0\u00bb header_font_size_last_edited=\u00a0\u00bbon|desktop\u00a0\u00bb body_font_size_tablet=\u00a0\u00bb15px\u00a0\u00bb body_font_size_phone=\u00a0\u00bb14px\u00a0\u00bb body_font_size_last_edited=\u00a0\u00bbon|desktop\u00a0\u00bb border_radii_image=\u00a0\u00bbon|6px|6px|6px|6px\u00a0\u00bb locked=\u00a0\u00bboff\u00a0\u00bb global_colors_info=\u00a0\u00bb{%22#0e0c19%22:%91%22header_text_color%22,%22header_text_color%22,%22header_text_color%22,%22header_text_color%22,%22header_text_color%22%93,%22#fb8500%22:%91%22icon_color%22%93}\u00a0\u00bb]<\/p>\n<p><strong><\/strong><\/p>\n<p><strong>10h30<\/strong> C\u00e9r\u00e9monie d&rsquo;ouverture<\/p>\n<p><strong>13h<\/strong> Repas + Sieste sonore \/ Yoga Nidra (<em>Joris<\/em>) (14h)<\/p>\n<p><strong>15h<\/strong> :<\/p>\n<p><span style=\"text-decoration: underline;\">Salle 1<\/span> : Biodanza (<em>Eva<\/em>)<\/p>\n<p><span style=\"text-decoration: underline;\">Salle 2<\/span> : Wuo Tai (<em>Isabel<\/em>)<\/p>\n<p><strong>17H<\/strong> :<\/p>\n<p><span style=\"text-decoration: underline;\">Salle 1<\/span> : Voyage sonore (<em>Chrystelle<\/em> &amp; <em>Etienne<\/em>)<\/p>\n<p><span style=\"text-decoration: underline;\">Salle 2<\/span> : Herboristerie hivernale (<em>Ariane<\/em>)<\/p>\n<p><strong>18h30<\/strong> Pause (balances dans salle 1 \/ JAM ou chants libres salle 2)<\/p>\n<p><strong>19h<\/strong> : REPAS<\/p>\n<p><strong>21h30<\/strong> : CONCERT<\/p>\n<p><strong>23h30<\/strong> : After cocooning<\/p>\n<p>[\/et_pb_blurb][et_pb_blurb title=\u00a0\u00bbSamedi 24 janvier\u00a0\u00bb icon_placement=\u00a0\u00bbleft\u00a0\u00bb image_icon_width=\u00a0\u00bb240px\u00a0\u00bb content_max_width=\u00a0\u00bb100%\u00a0\u00bb icon_placement_tablet=\u00a0\u00bb\u00a0\u00bb icon_placement_phone=\u00a0\u00bbtop\u00a0\u00bb icon_placement_last_edited=\u00a0\u00bbon|tablet\u00a0\u00bb image_icon_width_tablet=\u00a0\u00bb30vw\u00a0\u00bb image_icon_width_phone=\u00a0\u00bb100%\u00a0\u00bb image_icon_width_last_edited=\u00a0\u00bbon|desktop\u00a0\u00bb _builder_version=\u00a0\u00bb4.27.4&Prime; _module_preset=\u00a0\u00bb65059203-12d3-44f6-8371-3f5cf61a0475&Prime; header_font=\u00a0\u00bbAdamina|Abril Fatface_weight|||||||\u00a0\u00bb header_text_color=\u00a0\u00bb#0e0c19&Prime; header_font_size=\u00a0\u00bb32px\u00a0\u00bb header_line_height=\u00a0\u00bb1.4em\u00a0\u00bb body_font=\u00a0\u00bbPoppins|Poppins_weight|||||||\u00a0\u00bb body_text_color=\u00a0\u00bb#3c3a47&Prime; body_font_size=\u00a0\u00bb16px\u00a0\u00bb body_line_height=\u00a0\u00bb1.75em\u00a0\u00bb body_link_text_color=\u00a0\u00bb#fb8500&Prime; image_icon_custom_margin=\u00a0\u00bb|20px|||false|false\u00a0\u00bb animation=\u00a0\u00bboff\u00a0\u00bb header_font_size_tablet=\u00a0\u00bb22px\u00a0\u00bb header_font_size_phone=\u00a0\u00bb17px\u00a0\u00bb header_font_size_last_edited=\u00a0\u00bbon|desktop\u00a0\u00bb body_font_size_tablet=\u00a0\u00bb15px\u00a0\u00bb body_font_size_phone=\u00a0\u00bb14px\u00a0\u00bb body_font_size_last_edited=\u00a0\u00bbon|desktop\u00a0\u00bb border_radii_image=\u00a0\u00bbon|6px|6px|6px|6px\u00a0\u00bb locked=\u00a0\u00bboff\u00a0\u00bb global_colors_info=\u00a0\u00bb{%22#0e0c19%22:%91%22header_text_color%22,%22header_text_color%22,%22header_text_color%22,%22header_text_color%22,%22header_text_color%22%93,%22#fb8500%22:%91%22icon_color%22%93}\u00a0\u00bb]<\/p>\n<p>D\u00e8s <strong>8h<\/strong> : Salle ouverte : espace de SILENCE<\/p>\n<p>+ m\u00e9ditation et pranayama (<em>Joris<\/em>)<\/p>\n<p><strong>8h50<\/strong> : HIIT Sport (<em>Elsa<\/em>)<\/p>\n<p><strong>9h30<\/strong> : Yoga\u00a0<\/p>\n<p><strong>11h00<\/strong> : Voyage sonore d&rsquo;atterrissage (<em>Bramelyo<\/em>)<\/p>\n<p><strong>12h<\/strong> Repas + Sieste sonore<\/p>\n<p><strong>14h<\/strong> :<\/p>\n<p><span style=\"text-decoration: underline;\">Salle 1<\/span> : Atelier de chant (<em>Marianne Aya Omac<\/em>)<\/p>\n<p><span style=\"text-decoration: underline;\">Salle 2<\/span> : Po\u00e9sie corporelle (<em>Marion<\/em>)<\/p>\n<p><strong>16h<\/strong> :<\/p>\n<p><span style=\"text-decoration: underline;\">Salle 1<\/span> : Danse contact impro (<em>Agn\u00e8s<\/em>)<\/p>\n<p><span style=\"text-decoration: underline;\">Salle 2<\/span> : Breathwork (<em>Elsa<\/em> et la team)<\/p>\n<p><strong>18h<\/strong> Pause (balances dans salle 1 \/ JAM ou chants libres salle 2)<\/p>\n<p><strong>19h<\/strong> : REPAS<\/p>\n<p><strong>21h<\/strong> : CONCERT<\/p>\n<p><strong>23h<\/strong> : After cocooning<\/p>\n<p>[\/et_pb_blurb][et_pb_blurb title=\u00a0\u00bbDimanche 25 janvier\u00a0\u00bb icon_placement=\u00a0\u00bbleft\u00a0\u00bb image_icon_width=\u00a0\u00bb240px\u00a0\u00bb content_max_width=\u00a0\u00bb100%\u00a0\u00bb icon_placement_tablet=\u00a0\u00bb\u00a0\u00bb icon_placement_phone=\u00a0\u00bbtop\u00a0\u00bb icon_placement_last_edited=\u00a0\u00bbon|tablet\u00a0\u00bb image_icon_width_tablet=\u00a0\u00bb30vw\u00a0\u00bb image_icon_width_phone=\u00a0\u00bb100%\u00a0\u00bb image_icon_width_last_edited=\u00a0\u00bbon|desktop\u00a0\u00bb _builder_version=\u00a0\u00bb4.27.4&Prime; _module_preset=\u00a0\u00bb65059203-12d3-44f6-8371-3f5cf61a0475&Prime; header_font=\u00a0\u00bbAdamina|Abril Fatface_weight|||||||\u00a0\u00bb header_text_color=\u00a0\u00bb#0e0c19&Prime; header_font_size=\u00a0\u00bb32px\u00a0\u00bb header_line_height=\u00a0\u00bb1.4em\u00a0\u00bb body_font=\u00a0\u00bbPoppins|Poppins_weight|||||||\u00a0\u00bb body_text_color=\u00a0\u00bb#3c3a47&Prime; body_font_size=\u00a0\u00bb16px\u00a0\u00bb body_line_height=\u00a0\u00bb1.75em\u00a0\u00bb body_link_text_color=\u00a0\u00bb#fb8500&Prime; image_icon_custom_margin=\u00a0\u00bb|20px|||false|false\u00a0\u00bb animation=\u00a0\u00bboff\u00a0\u00bb header_font_size_tablet=\u00a0\u00bb22px\u00a0\u00bb header_font_size_phone=\u00a0\u00bb17px\u00a0\u00bb header_font_size_last_edited=\u00a0\u00bbon|desktop\u00a0\u00bb body_font_size_tablet=\u00a0\u00bb15px\u00a0\u00bb body_font_size_phone=\u00a0\u00bb14px\u00a0\u00bb body_font_size_last_edited=\u00a0\u00bbon|desktop\u00a0\u00bb border_radii_image=\u00a0\u00bbon|6px|6px|6px|6px\u00a0\u00bb locked=\u00a0\u00bboff\u00a0\u00bb global_colors_info=\u00a0\u00bb{%22#0e0c19%22:%91%22header_text_color%22,%22header_text_color%22,%22header_text_color%22,%22header_text_color%22,%22header_text_color%22%93,%22#fb8500%22:%91%22icon_color%22%93}\u00a0\u00bb]<\/p>\n<p>D\u00e8s <strong>8h<\/strong> : Salle ouverte : espace de SILENCE \/ m\u00e9ditation<\/p>\n<p>+ douceur musicale (<em>Alexis &#8211; clarinette<\/em>)<\/p>\n<p><strong>8h30<\/strong>\u00a0: M\u00e9ditation active (<em>Julien<\/em>)<\/p>\n<p><strong>10h30<\/strong> : Ecstatic Dance (<em>Ang\u00e9lique<\/em> et <em>Alex<\/em>)<\/p>\n<p><strong>12h30<\/strong> : Repas\u00a0Pause (balances dans salle 1 \/ JAM ou chants libres salle 2)<\/p>\n<p><strong>14h30<\/strong>\u00a0: CONCERT \u00ab\u00a0ALL STARS\u00a0\u00bb chaque artiste lead 2 morceaux et les autres jamment avec !<\/p>\n<p><strong>17H<\/strong> : Cercle de cloture + danse de la paix pour se dire au revoir en mouvement (Julien)<\/p>\n<p><strong>18H<\/strong> : Fin<\/p>\n<p>[\/et_pb_blurb][\/et_pb_column][\/et_pb_row][\/et_pb_section][et_pb_section fb_built=\u00a0\u00bb1&Prime; admin_label=\u00a0\u00bbCall to Action\u00a0\u00bb _builder_version=\u00a0\u00bb4.27.4&Prime; _module_preset=\u00a0\u00bbdefault\u00a0\u00bb background_color=\u00a0\u00bb#E09900&Prime; locked=\u00a0\u00bboff\u00a0\u00bb collapsed=\u00a0\u00bbon\u00a0\u00bb global_colors_info=\u00a0\u00bb{}\u00a0\u00bb][et_pb_row _builder_version=\u00a0\u00bb4.27.4&Prime; _module_preset=\u00a0\u00bb5138c454-be54-4233-bd3b-f8e6a8747976&Prime; background_color=\u00a0\u00bb#a663dd\u00a0\u00bb border_radii=\u00a0\u00bbon|36px|36px|36px|36px\u00a0\u00bb global_colors_info=\u00a0\u00bb{}\u00a0\u00bb][et_pb_column type=\u00a0\u00bb4_4&Prime; _builder_version=\u00a0\u00bb4.17.6&Prime; _module_preset=\u00a0\u00bb73121f80-a3ef-4484-8763-c3f18e3c56d2&Prime; global_colors_info=\u00a0\u00bb{}\u00a0\u00bb][et_pb_cta title=\u00a0\u00bbR\u00e9servez Vos Billets Pour Le Festival\u00a0\u00bb button_url=\u00a0\u00bbhttps:\/\/www.helloasso.com\/associations\/asso-sweet\/evenements\/sweet-fest-2026-prix-libre-et-conscient\u00a0\u00bb url_new_window=\u00a0\u00bbon\u00a0\u00bb button_text=\u00a0\u00bbBILLETTERIE HELLO ASSO\u00a0\u00bb _builder_version=\u00a0\u00bb4.27.4&Prime; _module_preset=\u00a0\u00bbbe0cc754-576a-4b1c-868d-f6226f85de4d\u00a0\u00bb header_font=\u00a0\u00bbAdamina|Abril Fatface_weight|||||||\u00a0\u00bb header_text_align=\u00a0\u00bbcenter\u00a0\u00bb header_text_color=\u00a0\u00bb#0e0c19&Prime; header_font_size=\u00a0\u00bb39px\u00a0\u00bb header_line_height=\u00a0\u00bb1.2em\u00a0\u00bb body_font=\u00a0\u00bbPoppins|Poppins_weight|||||||\u00a0\u00bb body_text_align=\u00a0\u00bbleft\u00a0\u00bb body_text_color=\u00a0\u00bb#3c3a47&Prime; body_font_size=\u00a0\u00bb18px\u00a0\u00bb body_line_height=\u00a0\u00bb1.75em\u00a0\u00bb background_color=\u00a0\u00bb#FFFFFF\u00a0\u00bb custom_button=\u00a0\u00bbon\u00a0\u00bb button_text_size=\u00a0\u00bb14px\u00a0\u00bb button_text_color=\u00a0\u00bb#FFFFFF\u00a0\u00bb button_bg_color=\u00a0\u00bb#fb8500&Prime; button_border_width=\u00a0\u00bb0px\u00a0\u00bb button_border_radius=\u00a0\u00bb100px\u00a0\u00bb button_font=\u00a0\u00bbPoppins|700|||||||\u00a0\u00bb button_alignment=\u00a0\u00bbcenter\u00a0\u00bb button_custom_padding=\u00a0\u00bb12px|24px|12px|24px|true|true\u00a0\u00bb background_layout=\u00a0\u00bblight\u00a0\u00bb header_font_size_tablet=\u00a0\u00bb28px\u00a0\u00bb header_font_size_phone=\u00a0\u00bb20px\u00a0\u00bb header_font_size_last_edited=\u00a0\u00bbon|phone\u00a0\u00bb body_font_size_tablet=\u00a0\u00bb16px\u00a0\u00bb body_font_size_phone=\u00a0\u00bb14px\u00a0\u00bb body_font_size_last_edited=\u00a0\u00bbon|phone\u00a0\u00bb border_radii=\u00a0\u00bbon|4px|4px|4px|4px\u00a0\u00bb border_width_all=\u00a0\u00bb2px\u00a0\u00bb border_color_all=\u00a0\u00bbrgba(0,0,0,0.08)\u00a0\u00bb locked=\u00a0\u00bboff\u00a0\u00bb global_colors_info=\u00a0\u00bb{%22gcid-828accbb-1ed2-407d-95be-20ab4e191566%22:%91%22border_color_all%22%93,%22#0e0c19%22:%91%22header_text_color%22%93,%22#3c3a47%22:%91%22body_text_color%22%93,%22gcid-f2943306-fa6c-45f0-b632-5fc00151366a%22:%91%22button_text_color%22,%22button_text_color%22%93,%22gcid-36fd78a7-34bc-404d-873c-dafa34efaae5%22:%91%22button_text_color%22,%22button_text_color%22,%22button_text_color%22%93}\u00a0\u00bb text_font_size_tablet=\u00a0\u00bb16px\u00a0\u00bb text_font_size_phone=\u00a0\u00bb14px\u00a0\u00bb text_font_size_last_edited=\u00a0\u00bbon|phone\u00a0\u00bb]<\/p>\n<p style=\"text-align: center;\">Ne manquez pas l&rsquo;occasion de vivre une exp\u00e9rience inoubliable au Sweet Fest 2026 \ud83c\udf08<\/p>\n<p style=\"text-align: center;\">Ralentir, se r\u00e9g\u00e9n\u00e9rer, kiffer avec nous !<\/p>\n<p>[\/et_pb_cta][et_pb_cta title=\u00a0\u00bbTu veux juste venir aux concerts !\u00a0\u00bb button_url=\u00a0\u00bbhttps:\/\/www.helloasso.com\/associations\/asso-sweet\/evenements\/billetterie-concert-kaleyah-soul-system-sweet-fest-2026-1&Prime; url_new_window=\u00a0\u00bbon\u00a0\u00bb button_text=\u00a0\u00bbJe r\u00e9serve mon billet\u00a0\u00bb _builder_version=\u00a0\u00bb4.27.4&Prime; _module_preset=\u00a0\u00bb0cae81ab-7223-4b50-8e71-bfb309c58c86&Prime; header_font=\u00a0\u00bbAdamina|Abril Fatface_weight|||||||\u00a0\u00bb header_text_color=\u00a0\u00bb#FFFFFF\u00a0\u00bb header_font_size=\u00a0\u00bb50px\u00a0\u00bb header_line_height=\u00a0\u00bb1.2em\u00a0\u00bb body_font=\u00a0\u00bbPoppins|Poppins_weight|||||||\u00a0\u00bb body_font_size=\u00a0\u00bb18px\u00a0\u00bb body_line_height=\u00a0\u00bb1.75em\u00a0\u00bb body_link_text_color=\u00a0\u00bb#FFFFFF\u00a0\u00bb background_color=\u00a0\u00bb#e05a53&Prime; background_enable_image=\u00a0\u00bboff\u00a0\u00bb custom_button=\u00a0\u00bbon\u00a0\u00bb button_text_size=\u00a0\u00bb19px\u00a0\u00bb button_text_color=\u00a0\u00bb#ffd400&Prime; button_bg_color=\u00a0\u00bb#FFFFFF\u00a0\u00bb button_bg_image=\u00a0\u00bbhttp:\/\/sweetfest2026.fr\/wp-content\/uploads\/2025\/11\/IMG_4160.jpg\u00a0\u00bb button_border_width=\u00a0\u00bb0px\u00a0\u00bb button_border_radius=\u00a0\u00bb100px\u00a0\u00bb button_font=\u00a0\u00bbPoppins|700|||||||\u00a0\u00bb button_custom_padding=\u00a0\u00bb12px|24px|12px|24px|true|true\u00a0\u00bb custom_padding=\u00a0\u00bb2vw|56px|2vw|56px|true|true\u00a0\u00bb custom_padding_tablet=\u00a0\u00bb|30px||30px|true|true\u00a0\u00bb custom_padding_phone=\u00a0\u00bb|20px||20px|true|true\u00a0\u00bb custom_padding_last_edited=\u00a0\u00bbon|desktop\u00a0\u00bb header_font_size_tablet=\u00a0\u00bb28px\u00a0\u00bb header_font_size_phone=\u00a0\u00bb20px\u00a0\u00bb header_font_size_last_edited=\u00a0\u00bbon|phone\u00a0\u00bb body_font_size_tablet=\u00a0\u00bb16px\u00a0\u00bb body_font_size_phone=\u00a0\u00bb14px\u00a0\u00bb body_font_size_last_edited=\u00a0\u00bbon|phone\u00a0\u00bb border_radii=\u00a0\u00bbon|11px|11px|11px|11px\u00a0\u00bb locked=\u00a0\u00bboff\u00a0\u00bb global_colors_info=\u00a0\u00bb{}\u00a0\u00bb text_font_size_tablet=\u00a0\u00bb16px\u00a0\u00bb text_font_size_phone=\u00a0\u00bb14px\u00a0\u00bb text_font_size_last_edited=\u00a0\u00bbon|phone\u00a0\u00bb]<\/p>\n<p>Kaleyah Soul System &#8211; Bram\u0117lyo &#8211; All Stars (Hozho, Marianne Aya Omac, Florian Surya Ananda&#8230;)<\/p>\n<p>[\/et_pb_cta][\/et_pb_column][\/et_pb_row][\/et_pb_section]<\/p>\n","protected":false},"excerpt":{"rendered":"<p>Le programme peut \u00eatre l\u00e9g\u00e8rement modifi\u00e9 encore \ud83d\ude4f 10h30 C\u00e9r\u00e9monie d&rsquo;ouverture 13h Repas + Sieste sonore \/ Yoga Nidra (Joris) (14h) 15h : Salle 1 : Biodanza (Eva) Salle 2 : Wuo Tai (Isabel) 17H : Salle 1 : Voyage sonore (Chrystelle &amp; Etienne) Salle 2 : Herboristerie hivernale (Ariane) 18h30 Pause (balances dans salle [&hellip;]<\/p>\n","protected":false},"author":1,"featured_media":0,"parent":0,"menu_order":0,"comment_status":"closed","ping_status":"closed","template":"","meta":{"_et_pb_use_builder":"on","_et_pb_old_content":"","_et_gb_content_width":"","footnotes":""},"class_list":["post-83","page","type-page","status-publish","hentry"],"yoast_head":"<!-- This site is optimized with the Yoast SEO plugin v27.4 - https:\/\/yoast.com\/product\/yoast-seo-wordpress\/ -->\n<title>Programme - Sweet Fest 2026<\/title>\n<meta name=\"robots\" content=\"index, follow, max-snippet:-1, max-image-preview:large, max-video-preview:-1\" \/>\n<link rel=\"canonical\" href=\"https:\/\/sweetfest2026.fr\/index.php\/programme\/\" \/>\n<meta property=\"og:locale\" content=\"fr_FR\" \/>\n<meta property=\"og:type\" content=\"article\" \/>\n<meta property=\"og:title\" content=\"Programme - Sweet Fest 2026\" \/>\n<meta property=\"og:description\" content=\"Le programme peut \u00eatre l\u00e9g\u00e8rement modifi\u00e9 encore \ud83d\ude4f 10h30 C\u00e9r\u00e9monie d&#039;ouverture 13h Repas + Sieste sonore \/ Yoga Nidra (Joris) (14h) 15h : Salle 1 : Biodanza (Eva) Salle 2 : Wuo Tai (Isabel) 17H : Salle 1 : Voyage sonore (Chrystelle &amp; Etienne) Salle 2 : Herboristerie hivernale (Ariane) 18h30 Pause (balances dans salle [&hellip;]\" \/>\n<meta property=\"og:url\" content=\"https:\/\/sweetfest2026.fr\/index.php\/programme\/\" \/>\n<meta property=\"og:site_name\" content=\"Sweet Fest 2026\" \/>\n<meta property=\"article:modified_time\" content=\"2026-01-18T23:52:02+00:00\" \/>\n<meta name=\"twitter:card\" content=\"summary_large_image\" \/>\n<script type=\"application\/ld+json\" class=\"yoast-schema-graph\">{\"@context\":\"https:\\\/\\\/schema.org\",\"@graph\":[{\"@type\":\"WebPage\",\"@id\":\"https:\\\/\\\/sweetfest2026.fr\\\/index.php\\\/programme\\\/\",\"url\":\"https:\\\/\\\/sweetfest2026.fr\\\/index.php\\\/programme\\\/\",\"name\":\"Programme - Sweet Fest 2026\",\"isPartOf\":{\"@id\":\"https:\\\/\\\/sweetfest2026.fr\\\/#website\"},\"datePublished\":\"2025-10-10T16:12:18+00:00\",\"dateModified\":\"2026-01-18T23:52:02+00:00\",\"breadcrumb\":{\"@id\":\"https:\\\/\\\/sweetfest2026.fr\\\/index.php\\\/programme\\\/#breadcrumb\"},\"inLanguage\":\"fr-FR\",\"potentialAction\":[{\"@type\":\"ReadAction\",\"target\":[\"https:\\\/\\\/sweetfest2026.fr\\\/index.php\\\/programme\\\/\"]}]},{\"@type\":\"BreadcrumbList\",\"@id\":\"https:\\\/\\\/sweetfest2026.fr\\\/index.php\\\/programme\\\/#breadcrumb\",\"itemListElement\":[{\"@type\":\"ListItem\",\"position\":1,\"name\":\"Home\",\"item\":\"https:\\\/\\\/sweetfest2026.fr\\\/\"},{\"@type\":\"ListItem\",\"position\":2,\"name\":\"Programme\"}]},{\"@type\":\"WebSite\",\"@id\":\"https:\\\/\\\/sweetfest2026.fr\\\/#website\",\"url\":\"https:\\\/\\\/sweetfest2026.fr\\\/\",\"name\":\"Sweet Fest 2026\",\"description\":\"Ralentir, se r\u00e9g\u00e9n\u00e9rer, kiffer\",\"publisher\":{\"@id\":\"https:\\\/\\\/sweetfest2026.fr\\\/#organization\"},\"potentialAction\":[{\"@type\":\"SearchAction\",\"target\":{\"@type\":\"EntryPoint\",\"urlTemplate\":\"https:\\\/\\\/sweetfest2026.fr\\\/?s={search_term_string}\"},\"query-input\":{\"@type\":\"PropertyValueSpecification\",\"valueRequired\":true,\"valueName\":\"search_term_string\"}}],\"inLanguage\":\"fr-FR\"},{\"@type\":\"Organization\",\"@id\":\"https:\\\/\\\/sweetfest2026.fr\\\/#organization\",\"name\":\"Asso Sweet\",\"url\":\"https:\\\/\\\/sweetfest2026.fr\\\/\",\"logo\":{\"@type\":\"ImageObject\",\"inLanguage\":\"fr-FR\",\"@id\":\"https:\\\/\\\/sweetfest2026.fr\\\/#\\\/schema\\\/logo\\\/image\\\/\",\"url\":\"https:\\\/\\\/sweetfest2026.fr\\\/wp-content\\\/uploads\\\/2025\\\/10\\\/Sweet-Fest-724x1024.png\",\"contentUrl\":\"https:\\\/\\\/sweetfest2026.fr\\\/wp-content\\\/uploads\\\/2025\\\/10\\\/Sweet-Fest-724x1024.png\",\"width\":724,\"height\":1024,\"caption\":\"Asso Sweet\"},\"image\":{\"@id\":\"https:\\\/\\\/sweetfest2026.fr\\\/#\\\/schema\\\/logo\\\/image\\\/\"}}]}<\/script>\n<!-- \/ Yoast SEO plugin. -->","yoast_head_json":{"title":"Programme - Sweet Fest 2026","robots":{"index":"index","follow":"follow","max-snippet":"max-snippet:-1","max-image-preview":"max-image-preview:large","max-video-preview":"max-video-preview:-1"},"canonical":"https:\/\/sweetfest2026.fr\/index.php\/programme\/","og_locale":"fr_FR","og_type":"article","og_title":"Programme - Sweet Fest 2026","og_description":"Le programme peut \u00eatre l\u00e9g\u00e8rement modifi\u00e9 encore \ud83d\ude4f 10h30 C\u00e9r\u00e9monie d'ouverture 13h Repas + Sieste sonore \/ Yoga Nidra (Joris) (14h) 15h : Salle 1 : Biodanza (Eva) Salle 2 : Wuo Tai (Isabel) 17H : Salle 1 : Voyage sonore (Chrystelle &amp; Etienne) Salle 2 : Herboristerie hivernale (Ariane) 18h30 Pause (balances dans salle [&hellip;]","og_url":"https:\/\/sweetfest2026.fr\/index.php\/programme\/","og_site_name":"Sweet Fest 2026","article_modified_time":"2026-01-18T23:52:02+00:00","twitter_card":"summary_large_image","schema":{"@context":"https:\/\/schema.org","@graph":[{"@type":"WebPage","@id":"https:\/\/sweetfest2026.fr\/index.php\/programme\/","url":"https:\/\/sweetfest2026.fr\/index.php\/programme\/","name":"Programme - Sweet Fest 2026","isPartOf":{"@id":"https:\/\/sweetfest2026.fr\/#website"},"datePublished":"2025-10-10T16:12:18+00:00","dateModified":"2026-01-18T23:52:02+00:00","breadcrumb":{"@id":"https:\/\/sweetfest2026.fr\/index.php\/programme\/#breadcrumb"},"inLanguage":"fr-FR","potentialAction":[{"@type":"ReadAction","target":["https:\/\/sweetfest2026.fr\/index.php\/programme\/"]}]},{"@type":"BreadcrumbList","@id":"https:\/\/sweetfest2026.fr\/index.php\/programme\/#breadcrumb","itemListElement":[{"@type":"ListItem","position":1,"name":"Home","item":"https:\/\/sweetfest2026.fr\/"},{"@type":"ListItem","position":2,"name":"Programme"}]},{"@type":"WebSite","@id":"https:\/\/sweetfest2026.fr\/#website","url":"https:\/\/sweetfest2026.fr\/","name":"Sweet Fest 2026","description":"Ralentir, se r\u00e9g\u00e9n\u00e9rer, kiffer","publisher":{"@id":"https:\/\/sweetfest2026.fr\/#organization"},"potentialAction":[{"@type":"SearchAction","target":{"@type":"EntryPoint","urlTemplate":"https:\/\/sweetfest2026.fr\/?s={search_term_string}"},"query-input":{"@type":"PropertyValueSpecification","valueRequired":true,"valueName":"search_term_string"}}],"inLanguage":"fr-FR"},{"@type":"Organization","@id":"https:\/\/sweetfest2026.fr\/#organization","name":"Asso Sweet","url":"https:\/\/sweetfest2026.fr\/","logo":{"@type":"ImageObject","inLanguage":"fr-FR","@id":"https:\/\/sweetfest2026.fr\/#\/schema\/logo\/image\/","url":"https:\/\/sweetfest2026.fr\/wp-content\/uploads\/2025\/10\/Sweet-Fest-724x1024.png","contentUrl":"https:\/\/sweetfest2026.fr\/wp-content\/uploads\/2025\/10\/Sweet-Fest-724x1024.png","width":724,"height":1024,"caption":"Asso Sweet"},"image":{"@id":"https:\/\/sweetfest2026.fr\/#\/schema\/logo\/image\/"}}]}},"_links":{"self":[{"href":"https:\/\/sweetfest2026.fr\/index.php\/wp-json\/wp\/v2\/pages\/83","targetHints":{"allow":["GET"]}}],"collection":[{"href":"https:\/\/sweetfest2026.fr\/index.php\/wp-json\/wp\/v2\/pages"}],"about":[{"href":"https:\/\/sweetfest2026.fr\/index.php\/wp-json\/wp\/v2\/types\/page"}],"author":[{"embeddable":true,"href":"https:\/\/sweetfest2026.fr\/index.php\/wp-json\/wp\/v2\/users\/1"}],"replies":[{"embeddable":true,"href":"https:\/\/sweetfest2026.fr\/index.php\/wp-json\/wp\/v2\/comments?post=83"}],"version-history":[{"count":61,"href":"https:\/\/sweetfest2026.fr\/index.php\/wp-json\/wp\/v2\/pages\/83\/revisions"}],"predecessor-version":[{"id":880,"href":"https:\/\/sweetfest2026.fr\/index.php\/wp-json\/wp\/v2\/pages\/83\/revisions\/880"}],"wp:attachment":[{"href":"https:\/\/sweetfest2026.fr\/index.php\/wp-json\/wp\/v2\/media?parent=83"}],"curies":[{"name":"wp","href":"https:\/\/api.w.org\/{rel}","templated":true}]}}